{"id":3773,"date":"2026-02-10T03:20:36","date_gmt":"2026-02-10T02:20:36","guid":{"rendered":"https:\/\/pyurcosmetics.com\/proteccion-de-datos\/"},"modified":"2026-03-22T10:34:38","modified_gmt":"2026-03-22T09:34:38","slug":"proteccion-de-datos","status":"publish","type":"page","link":"https:\/\/pyurcosmetics.com\/es\/proteccion-de-datos\/","title":{"rendered":"Protecci\u00f3n de datos"},"content":{"rendered":"\t\t<div data-elementor-type=\"wp-page\" data-elementor-id=\"3773\" class=\"elementor elementor-3773 elementor-755\" data-elementor-post-type=\"page\">\n\t\t\t\t<div class=\"elementor-element elementor-element-00823a9 e-con-full split-1300 e-flex e-con e-parent\" data-id=\"00823a9\" data-element_type=\"container\" data-e-type=\"container\" data-settings=\"{&quot;background_background&quot;:&quot;classic&quot;}\">\n\t\t<div class=\"elementor-element elementor-element-ec46a20 e-con-full col-left e-flex e-con e-child\" data-id=\"ec46a20\" data-element_type=\"container\" data-e-type=\"container\" data-settings=\"{&quot;background_background&quot;:&quot;classic&quot;}\">\n\t\t<div class=\"elementor-element elementor-element-a843bc3 e-con-full e-flex e-con e-child\" data-id=\"a843bc3\" data-element_type=\"container\" data-e-type=\"container\">\n\t\t\t\t<div class=\"elementor-element elementor-element-b9754be elementor-widget elementor-widget-heading\" data-id=\"b9754be\" data-element_type=\"widget\" data-e-type=\"widget\" data-widget_type=\"heading.default\">\n\t\t\t\t\t<h2 class=\"elementor-heading-title elementor-size-default\">Protecci\u00f3n de datos<\/h2>\t\t\t\t<\/div>\n\t\t\t\t<\/div>\n\t\t\t\t<\/div>\n\t\t<div class=\"elementor-element elementor-element-6436712 e-con-full col-right e-flex e-con e-child\" data-id=\"6436712\" data-element_type=\"container\" data-e-type=\"container\" data-settings=\"{&quot;background_background&quot;:&quot;classic&quot;}\">\n\t\t\t\t<div class=\"elementor-element elementor-element-9eab368 elementor-widget elementor-widget-text-editor\" data-id=\"9eab368\" data-element_type=\"widget\" data-e-type=\"widget\" data-widget_type=\"text-editor.default\">\n\t\t\t\t\t\t\t\t\t<p>Pol\u00edtica de privacidad de nuestro sitio web<\/p><p>Fecha de entrada en vigor: 1 de diciembre de 2025<\/p><p>Tabla de contenido<\/p><ul><li>1. Verantwortlicher<\/li><li>2. Delegado de Protecci\u00f3n de Datos<\/li><li>3. Informaci\u00f3n sobre el tratamiento de sus datos por DocMorris AG<ul><li>3.1 Datos que se procesan autom\u00e1ticamente<\/li><li>3.2 Anonimizaci\u00f3n de datos para la optimizaci\u00f3n de campa\u00f1as<\/li><\/ul><\/li><li>4. Cesi\u00f3n de datos<\/li><li>5. Transferencias internacionales de datos<\/li><li>6. Per\u00edodo de conservaci\u00f3n de los datos<\/li><li>7. Sus derechos como interesado\/a<\/li><\/ul><p><strong>1. Responsable <\/strong><br>Junta Directiva: Sonja Th\u00fcllen, Michael Veigel<\/p><p>Farmac\u00e9utica responsable: Sonja Th\u00fcllen (denominaci\u00f3n profesional legal: Farmac\u00e9utica, n\u00famero BIG: 99066744717)<\/p><p>DocMorris N.V.<br>Informaci\u00f3n de contacto<br>DocMorris N.V.<br>Avantisallee 152<br>6422 RA Heerlen<br>Pa\u00edses Bajos<br>Tel\u00e9fono: 0241 \/ 94269333<br>Correo electr\u00f3nico: service@docmorris.de<\/p><p><strong>2. Delegado de Protecci\u00f3n de Datos<\/strong><br>Puede ponerse en contacto con el delegado de protecci\u00f3n de datos de la empresa en: datenschutz@docmorris.de<\/p><p><strong>3. Informaci\u00f3n sobre el tratamiento de sus datos por DocMorris <\/strong><br>A continuaci\u00f3n, le indicamos qu\u00e9 datos personales tratamos en el marco del uso de este sitio web y c\u00f3mo los tratamos.<\/p><p>3.1 Datos que se procesan autom\u00e1ticamente<br>En el marco del uso del sitio web, recopilamos autom\u00e1ticamente ciertos datos personales. Estos son: <\/p><ul><li>Fecha\/hora de acceso<\/li><li>Ubicaci\u00f3n aproximada (nivel de c\u00f3digo postal)<\/li><li>Sistema operativo<\/li><li>Navegador del dispositivo<\/li><li>Agente de usuario<\/li><li>Direcci\u00f3n IP del cliente<\/li><\/ul><p>Estos datos personales nos son transmitidos autom\u00e1ticamente por su dispositivo final y los procesamos en tiempo real para prevenir y eliminar abusos y fallos de funcionamiento.<\/p><p>El tratamiento de la direcci\u00f3n IP se realiza con fines t\u00e9cnicos y administrativos de establecimiento y estabilidad de la conexi\u00f3n, para garantizar la seguridad y el funcionamiento de nuestro sitio web y, en caso necesario, poder perseguir posibles ataques ilegales. La base jur\u00eddica para el tratamiento de la direcci\u00f3n IP es el art. 6, apdo. 1, p. 1, letra f del RGPD. Nuestro inter\u00e9s leg\u00edtimo se deriva del inter\u00e9s de seguridad mencionado y de la necesidad de una provisi\u00f3n ininterrumpida de nuestro sitio web.    <\/p><p>A partir del tratamiento de la direcci\u00f3n IP y otra informaci\u00f3n en el archivo de registro, no podemos extraer conclusiones directas sobre su identidad. Almacenamos sus datos personales durante el tiempo que sea necesario para su uso. <\/p><p><strong>3.2 Fines<\/strong><br>Este tratamiento de datos se justifica por nuestro inter\u00e9s leg\u00edtimo, de conformidad con el art. 6, apdo. 1, p. 1, letra f) del RGPD, en garantizar la funcionalidad y el funcionamiento sin errores y poder ofrecer un servicio adaptado al mercado y a los intereses.  <\/p><p><strong>3.3 Base jur\u00eddica y per\u00edodo de conservaci\u00f3n<\/strong><br>La base jur\u00eddica para el tratamiento de los datos es el art. 6, apdo. 1, p. 1, letra f del RGPD.  <\/p><p><strong>4. Cookies<\/strong><br>Utilizamos cookies para permitirle el mejor uso posible de nuestro sitio web. Basamos el tratamiento de sus datos mediante las cookies y p\u00edxeles utilizados para los fines t\u00e9cnicos necesarios mencionados anteriormente, de conformidad con el art. 6, apdo. 1, p. 1, letra f del RGPD, en nuestro inter\u00e9s leg\u00edtimo, que se considera leg\u00edtimo en el sentido de la disposici\u00f3n mencionada.   <\/p><p>Adem\u00e1s, utilizamos cookies y procesamos los datos mediante las cookies utilizadas \u00fanicamente sobre la base de su consentimiento, de conformidad con el art. 6, apdo. 1, p. 1, letra a del RGPD. Para ver su configuraci\u00f3n de cookies, haga clic en [ENLACE al banner de cookies implementado].   <\/p><p><strong>5. Transferencias internacionales de datos<\/strong><br>Tambi\u00e9n cedemos datos personales a terceros o encargados del tratamiento que tienen su sede en pa\u00edses no pertenecientes al EEE. En este caso, antes de la cesi\u00f3n, nos aseguramos de que el destinatario tenga un nivel adecuado de protecci\u00f3n de datos (por ejemplo, debido a una decisi\u00f3n de adecuaci\u00f3n de la Comisi\u00f3n Europea para el pa\u00eds correspondiente de conformidad con el art. 45 del RGPD o la celebraci\u00f3n de las denominadas cl\u00e1usulas contractuales tipo de la Comisi\u00f3n Europea con el destinatario de conformidad con el art. 46 del RGPD) o de que exista un consentimiento expreso por su parte. <\/p><p><strong>6. Per\u00edodo de conservaci\u00f3n de los datos<\/strong><br>Almacenamos sus datos personales durante el tiempo que sea necesario para su uso. Sus datos personales se eliminar\u00e1n o anonimizar\u00e1n tan pronto como dejen de ser necesarios para los fines para los que los hemos tratado de acuerdo con los apartados anteriores. <\/p><p>Si otorga un consentimiento en materia de protecci\u00f3n de datos, generalmente almacenamos su declaraci\u00f3n de consentimiento hasta que la revoque, lo que puede hacer en cualquier momento sin dar razones. Puede declarar su revocaci\u00f3n directamente en su perfil de cliente de los sitios web o a trav\u00e9s de los datos de contacto incluidos en los apartados 1 o 2.   <\/p><p><strong>7. Sus derechos como interesado\/a<\/strong><br>Si se cumplen los requisitos legales, usted tiene los siguientes derechos en relaci\u00f3n con sus datos personales. Si tiene preguntas o comentarios sobre nuestro tratamiento de sus datos personales o desea ejercer los derechos mencionados en este apartado como interesado\/a, p\u00f3ngase en contacto con los datos de contacto mencionados en el apartado 1 o 2. <\/p><p><strong>7.1 Derecho de acceso<\/strong><br>Tiene derecho a obtener de nosotros en cualquier momento, previa solicitud, informaci\u00f3n sobre los datos personales que le conciernen y que tratamos, en el alcance del art. 15 del RGPD, as\u00ed como una copia de los mismos.<\/p><p><strong>7.2 Derechos de rectificaci\u00f3n de datos inexactos<\/strong><br>De conformidad con el art. 16 del RGPD, tiene derecho a solicitarnos la rectificaci\u00f3n inmediata de los datos personales que le conciernen, en caso de que sean inexactos.<\/p><p><strong>7.3 Derecho de supresi\u00f3n<\/strong><br>De conformidad con el art. 17 del RGPD, tiene derecho a solicitarnos la supresi\u00f3n de los datos personales que le conciernen.<\/p><p><strong>7.4 Derecho a la limitaci\u00f3n del tratamiento<\/strong><br>Tiene derecho a solicitarnos la limitaci\u00f3n del tratamiento de conformidad con el art. 18 del RGPD.<\/p><p><strong>7.5 Derecho a la portabilidad de los datos<\/strong><br>Tiene derecho a recibir de nosotros los datos personales que le conciernen y que nos ha proporcionado, en un formato estructurado, de uso com\u00fan y legible por m\u00e1quina, de conformidad con el art. 20 del RGPD.<\/p><p><strong>7.6 Derecho a retirar el consentimiento<\/strong><br>Si tratamos sus datos personales sobre la base de su consentimiento, tiene derecho a retirarlo con efecto para el futuro. Puede declarar su revocaci\u00f3n directamente en su perfil de cliente de los sitios web o a trav\u00e9s de los datos de contacto incluidos en los apartados 1 y 2.   <\/p><p><strong>7.7 Derecho de oposici\u00f3n<\/strong><br>Puede oponerse en cualquier momento al tratamiento de sus datos personales por motivos relacionados con su situaci\u00f3n particular, si se cumplen los requisitos legales, en particular en los casos en que tratamos sus datos sobre la base de un inter\u00e9s leg\u00edtimo de conformidad con el art. 6, apdo. 1, letra f) del RGPD.  <\/p><p><strong>7.8 Derecho de reclamaci\u00f3n<\/strong><br>Adem\u00e1s, tiene derecho a presentar una reclamaci\u00f3n ante una autoridad de control de protecci\u00f3n de datos. La autoridad de control principal competente para nosotros es <\/p><p>Autoriteit Persoonsgegevens<br>Hoge Nieuwstraat 8,<br>2514 EL La Haya,<br>Pa\u00edses Bajos (direcci\u00f3n de visita)<br>P.O. Box 93374,\u20282509 AJ La Haya,<br>Pa\u00edses Bajos (direcci\u00f3n postal)<\/p><p>Tel\u00e9fono: + 31-70-88 88 500<br>Telefax: + 31-88-0712140\u2028Correo electr\u00f3nico: info@autoriteitpersoonsgegevens.nl<br>P\u00e1gina web: <a href=\"https:\/\/autoriteitpersoonsgegevens.nl\/nl\" rel=\"nofollow\">https:\/\/autoriteitpersoonsgegevens.nl\/nl<\/a><\/p><p>Estado: Diciembre de 2025<\/p>\t\t\t\t\t\t\t\t<\/div>\n\t\t\t\t<\/div>\n\t\t\t\t<\/div>\n\t\t\t\t<\/div>\n\t\t","protected":false},"excerpt":{"rendered":"<p>Protecci\u00f3n de datos Pol\u00edtica de privacidad de nuestro sitio web Fecha de entrada en vigor: 1 de diciembre de 2025 Tabla de contenido 1. Verantwortlicher 2. Delegado de Protecci\u00f3n de Datos 3. Informaci\u00f3n sobre el tratamiento de sus datos por DocMorris AG 3.1 Datos que se procesan autom\u00e1ticamente 3.2 Anonimizaci\u00f3n de datos para la optimizaci\u00f3n [&hellip;]<\/p>\n","protected":false},"author":1,"featured_media":0,"parent":0,"menu_order":0,"comment_status":"closed","ping_status":"closed","template":"elementor_header_footer","meta":{"advanced_seo_description":"","jetpack_seo_html_title":"","jetpack_seo_noindex":false,"footnotes":""},"class_list":["post-3773","page","type-page","status-publish","hentry"],"jetpack_shortlink":"https:\/\/wp.me\/Ph6YUK-YR","_links":{"self":[{"href":"https:\/\/pyurcosmetics.com\/es\/wp-json\/wp\/v2\/pages\/3773","targetHints":{"allow":["GET"]}}],"collection":[{"href":"https:\/\/pyurcosmetics.com\/es\/wp-json\/wp\/v2\/pages"}],"about":[{"href":"https:\/\/pyurcosmetics.com\/es\/wp-json\/wp\/v2\/types\/page"}],"author":[{"embeddable":true,"href":"https:\/\/pyurcosmetics.com\/es\/wp-json\/wp\/v2\/users\/1"}],"replies":[{"embeddable":true,"href":"https:\/\/pyurcosmetics.com\/es\/wp-json\/wp\/v2\/comments?post=3773"}],"version-history":[{"count":1,"href":"https:\/\/pyurcosmetics.com\/es\/wp-json\/wp\/v2\/pages\/3773\/revisions"}],"predecessor-version":[{"id":3774,"href":"https:\/\/pyurcosmetics.com\/es\/wp-json\/wp\/v2\/pages\/3773\/revisions\/3774"}],"wp:attachment":[{"href":"https:\/\/pyurcosmetics.com\/es\/wp-json\/wp\/v2\/media?parent=3773"}],"curies":[{"name":"wp","href":"https:\/\/api.w.org\/{rel}","templated":true}]}}