{"id":3775,"date":"2026-02-10T03:20:17","date_gmt":"2026-02-10T02:20:17","guid":{"rendered":"https:\/\/pyurcosmetics.com\/aviso-legal\/"},"modified":"2026-03-22T10:35:13","modified_gmt":"2026-03-22T09:35:13","slug":"aviso-legal","status":"publish","type":"page","link":"https:\/\/pyurcosmetics.com\/es\/aviso-legal\/","title":{"rendered":"Aviso legal"},"content":{"rendered":"\t\t<div data-elementor-type=\"wp-page\" data-elementor-id=\"3775\" class=\"elementor elementor-3775 elementor-753\" data-elementor-post-type=\"page\">\n\t\t\t\t<div class=\"elementor-element elementor-element-1e10c8d e-con-full split-1300 e-flex e-con e-parent\" data-id=\"1e10c8d\" data-element_type=\"container\" data-e-type=\"container\" data-settings=\"{&quot;background_background&quot;:&quot;classic&quot;}\">\n\t\t<div class=\"elementor-element elementor-element-4d12aaf e-con-full col-left e-flex e-con e-child\" data-id=\"4d12aaf\" data-element_type=\"container\" data-e-type=\"container\" data-settings=\"{&quot;background_background&quot;:&quot;classic&quot;}\">\n\t\t<div class=\"elementor-element elementor-element-a510bd7 e-con-full e-flex e-con e-child\" data-id=\"a510bd7\" data-element_type=\"container\" data-e-type=\"container\">\n\t\t\t\t<div class=\"elementor-element elementor-element-d7b65ab elementor-widget elementor-widget-heading\" data-id=\"d7b65ab\" data-element_type=\"widget\" data-e-type=\"widget\" data-widget_type=\"heading.default\">\n\t\t\t\t\t<h2 class=\"elementor-heading-title elementor-size-default\">Aviso legal<\/h2>\t\t\t\t<\/div>\n\t\t\t\t<\/div>\n\t\t\t\t<\/div>\n\t\t<div class=\"elementor-element elementor-element-e9f4b74 e-con-full col-right e-flex e-con e-child\" data-id=\"e9f4b74\" data-element_type=\"container\" data-e-type=\"container\" data-settings=\"{&quot;background_background&quot;:&quot;classic&quot;}\">\n\t\t\t\t<div class=\"elementor-element elementor-element-0502fa9 elementor-widget elementor-widget-text-editor\" data-id=\"0502fa9\" data-element_type=\"widget\" data-e-type=\"widget\" data-widget_type=\"text-editor.default\">\n\t\t\t\t\t\t\t\t\t<p><strong>Aviso legal<\/strong><\/p><p>El operador del sitio web es DocMorris N.V. como se indica a continuaci\u00f3n:<\/p><p><strong>DocMorris N.V.<\/strong><\/p><p><strong>Informaci\u00f3n de contacto<\/strong><br>DocMorris N.V.<br>Avantisallee 152<br>6422 RA Heerlen<br>Pa\u00edses Bajos<\/p><p>Tel\u00e9fono: 0241 \/ 94269333<br>Correo electr\u00f3nico: service@docmorris.de<\/p><p>Responsables<br><strong>Junta Directiva:<\/strong><br>Sonja Th\u00fcllen, Michael Veigel<\/p><p><strong>Farmac\u00e9utica responsable:<\/strong><br>Sonja Th\u00fcllen<br>(Denominaci\u00f3n profesional legal: Farmac\u00e9utica, n\u00famero BIG: 99066744717)<\/p><p><strong>Informaci\u00f3n organizativa y farmac\u00e9utica<\/strong><br><strong>Autoridad supervisora:<\/strong><br>Staatstoezicht op de Volksgezondheid<br>Inspectie voor de Gezondheidszorg<br>Regio zuidoost (Limburg, Noord-Brabant)<br>Stadsplateau 1<br>3521 AZ Utrecht (Pa\u00edses Bajos)<\/p><p>Direcci\u00f3n postal:<br>Postbus 2518<br>6401 DA Heerlen<\/p><p>DocMorris cumple con las directrices neerlandesas de est\u00e1ndares profesionales en<br>sus versiones actualmente vigentes. <a href=\"http:\/\/www.knmp.nl\/richtlinien\" rel=\"nofollow\">http:\/\/www.knmp.nl\/richtlinien<\/a><\/p><p><strong>N\u00famero de identificaci\u00f3n fiscal alem\u00e1n:<\/strong><br>DE210797605<\/p><p><strong>N\u00famero de identificaci\u00f3n fiscal neerland\u00e9s:<\/strong><br>NL8086.37.642.B01<\/p><p><strong>Registro Mercantil:<\/strong><br>Kamer van Koophandel 14066093<\/p><p><strong>Condiciones de uso \/ Aviso legal<\/strong><br>El contenido de pyurcosmetics.com tiene \u00fanicamente fines orientativos. La informaci\u00f3n contenida en el mismo no sustituye en modo alguno el asesoramiento o tratamiento por parte de un m\u00e9dico cualificado y reconocido.<\/p><p>Los datos sobre tama\u00f1os de envase, PZN, formas farmac\u00e9uticas y AVP\/UVP se han extra\u00eddo de la base de datos de ABDATA.<\/p><p>Las marcas figurativas y denominativas utilizadas en este sitio web son marcas registradas o signos legalmente protegidos de DocMorris AG. El uso, la reproducci\u00f3n, la distribuci\u00f3n o cualquier otra utilizaci\u00f3n de las marcas mostradas no est\u00e1 permitido sin el consentimiento previo y expreso por escrito del titular de los derechos. Cualquier uso no autorizado constituye una infracci\u00f3n de los derechos de marca y puede dar lugar a consecuencias civiles y penales.<\/p><p>La menci\u00f3n de marcas y nombres de terceros se realiza exclusivamente con fines informativos y no confiere ning\u00fan derecho sobre dichas marcas. Todos los derechos sobre las marcas mencionadas pertenecen exclusivamente a sus respectivos titulares.<\/p><p>Si considera que el contenido de este sitio web infringe derechos de propiedad, le rogamos que nos lo notifique. En caso de tener conocimiento de infracciones legales, eliminaremos dicho contenido de inmediato.<\/p>\t\t\t\t\t\t\t\t<\/div>\n\t\t\t\t<\/div>\n\t\t\t\t<\/div>\n\t\t\t\t<\/div>\n\t\t","protected":false},"excerpt":{"rendered":"<p>Aviso legal Aviso legal El operador del sitio web es DocMorris N.V. como se indica a continuaci\u00f3n: DocMorris N.V. Informaci\u00f3n de contactoDocMorris N.V.Avantisallee 1526422 RA HeerlenPa\u00edses Bajos Tel\u00e9fono: 0241 \/ 94269333Correo electr\u00f3nico: service@docmorris.de ResponsablesJunta Directiva:Sonja Th\u00fcllen, Michael Veigel Farmac\u00e9utica responsable:Sonja Th\u00fcllen(Denominaci\u00f3n profesional legal: Farmac\u00e9utica, n\u00famero BIG: 99066744717) Informaci\u00f3n organizativa y farmac\u00e9uticaAutoridad supervisora:Staatstoezicht op de VolksgezondheidInspectie [&hellip;]<\/p>\n","protected":false},"author":1,"featured_media":0,"parent":0,"menu_order":0,"comment_status":"closed","ping_status":"closed","template":"elementor_header_footer","meta":{"advanced_seo_description":"","jetpack_seo_html_title":"","jetpack_seo_noindex":false,"footnotes":""},"class_list":["post-3775","page","type-page","status-publish","hentry"],"jetpack_shortlink":"https:\/\/wp.me\/Ph6YUK-YT","_links":{"self":[{"href":"https:\/\/pyurcosmetics.com\/es\/wp-json\/wp\/v2\/pages\/3775","targetHints":{"allow":["GET"]}}],"collection":[{"href":"https:\/\/pyurcosmetics.com\/es\/wp-json\/wp\/v2\/pages"}],"about":[{"href":"https:\/\/pyurcosmetics.com\/es\/wp-json\/wp\/v2\/types\/page"}],"author":[{"embeddable":true,"href":"https:\/\/pyurcosmetics.com\/es\/wp-json\/wp\/v2\/users\/1"}],"replies":[{"embeddable":true,"href":"https:\/\/pyurcosmetics.com\/es\/wp-json\/wp\/v2\/comments?post=3775"}],"version-history":[{"count":1,"href":"https:\/\/pyurcosmetics.com\/es\/wp-json\/wp\/v2\/pages\/3775\/revisions"}],"predecessor-version":[{"id":3776,"href":"https:\/\/pyurcosmetics.com\/es\/wp-json\/wp\/v2\/pages\/3775\/revisions\/3776"}],"wp:attachment":[{"href":"https:\/\/pyurcosmetics.com\/es\/wp-json\/wp\/v2\/media?parent=3775"}],"curies":[{"name":"wp","href":"https:\/\/api.w.org\/{rel}","templated":true}]}}